{"id":1009,"date":"2025-07-11T15:21:49","date_gmt":"2025-07-11T13:21:49","guid":{"rendered":"https:\/\/www.archbud.com\/?page_id=1009"},"modified":"2025-07-11T15:38:18","modified_gmt":"2025-07-11T13:38:18","slug":"projekt-xii","status":"publish","type":"page","link":"https:\/\/www.archbud.com\/?page_id=1009","title":{"rendered":"Projekt XII"},"content":{"rendered":"\t\t<div data-elementor-type=\"wp-page\" data-elementor-id=\"1009\" class=\"elementor elementor-1009\">\n\t\t\t\t<div class=\"elementor-element elementor-element-a8d3f1e e-flex e-con-boxed e-con e-parent\" data-id=\"a8d3f1e\" data-element_type=\"container\" data-e-type=\"container\">\n\t\t\t\t\t<div class=\"e-con-inner\">\n\t\t\t\t<div class=\"elementor-element elementor-element-b296d77 elementor-widget elementor-widget-heading\" data-id=\"b296d77\" data-element_type=\"widget\" data-e-type=\"widget\" data-widget_type=\"heading.default\">\n\t\t\t\t<div class=\"elementor-widget-container\">\n\t\t\t\t\t<h2 class=\"elementor-heading-title elementor-size-default\">PROJEKT XII<br>6000z\u0142<\/h2>\t\t\t\t<\/div>\n\t\t\t\t<\/div>\n\t\t\t\t<div class=\"elementor-element elementor-element-a7c805f elementor-arrows-position-inside elementor-pagination-position-outside elementor-widget elementor-widget-image-carousel\" data-id=\"a7c805f\" data-element_type=\"widget\" data-e-type=\"widget\" data-settings=\"{&quot;slides_to_show&quot;:&quot;1&quot;,&quot;autoplay_speed&quot;:3000,&quot;effect&quot;:&quot;fade&quot;,&quot;navigation&quot;:&quot;both&quot;,&quot;autoplay&quot;:&quot;yes&quot;,&quot;pause_on_hover&quot;:&quot;yes&quot;,&quot;pause_on_interaction&quot;:&quot;yes&quot;,&quot;infinite&quot;:&quot;yes&quot;,&quot;speed&quot;:500}\" data-widget_type=\"image-carousel.default\">\n\t\t\t\t<div class=\"elementor-widget-container\">\n\t\t\t\t\t\t\t<div class=\"elementor-image-carousel-wrapper swiper\" role=\"region\" aria-roledescription=\"carousel\" aria-label=\"Karuzela obrazk\u00f3w\" dir=\"ltr\">\n\t\t\t<div class=\"elementor-image-carousel swiper-wrapper swiper-image-stretch\" aria-live=\"off\">\n\t\t\t\t\t\t\t\t<div class=\"swiper-slide\" role=\"group\" aria-roledescription=\"slide\" aria-label=\"1 z 6\"><figure class=\"swiper-slide-inner\"><img decoding=\"async\" class=\"swiper-slide-image\" src=\"https:\/\/www.archbud.com\/wp-content\/uploads\/2025\/07\/1-1.jpg\" alt=\"1\" \/><\/figure><\/div><div class=\"swiper-slide\" role=\"group\" aria-roledescription=\"slide\" aria-label=\"2 z 6\"><figure class=\"swiper-slide-inner\"><img decoding=\"async\" class=\"swiper-slide-image\" src=\"https:\/\/www.archbud.com\/wp-content\/uploads\/2025\/07\/2-1.jpg\" alt=\"2\" \/><\/figure><\/div><div class=\"swiper-slide\" role=\"group\" aria-roledescription=\"slide\" aria-label=\"3 z 6\"><figure class=\"swiper-slide-inner\"><img decoding=\"async\" class=\"swiper-slide-image\" src=\"https:\/\/www.archbud.com\/wp-content\/uploads\/2025\/07\/4-1.jpg\" alt=\"4\" \/><\/figure><\/div><div class=\"swiper-slide\" role=\"group\" aria-roledescription=\"slide\" aria-label=\"4 z 6\"><figure class=\"swiper-slide-inner\"><img decoding=\"async\" class=\"swiper-slide-image\" src=\"https:\/\/www.archbud.com\/wp-content\/uploads\/2025\/07\/5-1.jpg\" alt=\"5\" \/><\/figure><\/div><div class=\"swiper-slide\" role=\"group\" aria-roledescription=\"slide\" aria-label=\"5 z 6\"><figure class=\"swiper-slide-inner\"><img decoding=\"async\" class=\"swiper-slide-image\" src=\"https:\/\/www.archbud.com\/wp-content\/uploads\/2025\/07\/8.jpg\" alt=\"8\" \/><\/figure><\/div><div class=\"swiper-slide\" role=\"group\" aria-roledescription=\"slide\" aria-label=\"6 z 6\"><figure class=\"swiper-slide-inner\"><img decoding=\"async\" class=\"swiper-slide-image\" src=\"https:\/\/www.archbud.com\/wp-content\/uploads\/2025\/07\/elewacje-2.jpg\" alt=\"elewacje\" \/><\/figure><\/div>\t\t\t<\/div>\n\t\t\t\t\t\t\t\t\t\t\t\t<div class=\"elementor-swiper-button elementor-swiper-button-prev\" role=\"button\" tabindex=\"0\">\n\t\t\t\t\t\t<svg aria-hidden=\"true\" class=\"e-font-icon-svg e-eicon-chevron-left\" viewBox=\"0 0 1000 1000\" xmlns=\"http:\/\/www.w3.org\/2000\/svg\"><path d=\"M646 125C629 125 613 133 604 142L308 442C296 454 292 471 292 487 292 504 296 521 308 533L604 854C617 867 629 875 646 875 663 875 679 871 692 858 704 846 713 829 713 812 713 796 708 779 692 767L438 487 692 225C700 217 708 204 708 187 708 171 704 154 692 142 675 129 663 125 646 125Z\"><\/path><\/svg>\t\t\t\t\t<\/div>\n\t\t\t\t\t<div class=\"elementor-swiper-button elementor-swiper-button-next\" role=\"button\" tabindex=\"0\">\n\t\t\t\t\t\t<svg aria-hidden=\"true\" class=\"e-font-icon-svg e-eicon-chevron-right\" viewBox=\"0 0 1000 1000\" xmlns=\"http:\/\/www.w3.org\/2000\/svg\"><path d=\"M696 533C708 521 713 504 713 487 713 471 708 454 696 446L400 146C388 133 375 125 354 125 338 125 325 129 313 142 300 154 292 171 292 187 292 204 296 221 308 233L563 492 304 771C292 783 288 800 288 817 288 833 296 850 308 863 321 871 338 875 354 875 371 875 388 867 400 854L696 533Z\"><\/path><\/svg>\t\t\t\t\t<\/div>\n\t\t\t\t\n\t\t\t\t\t\t\t\t\t<div class=\"swiper-pagination\"><\/div>\n\t\t\t\t\t\t\t\t\t<\/div>\n\t\t\t\t\t\t<\/div>\n\t\t\t\t<\/div>\n\t\t\t\t\t<\/div>\n\t\t\t\t<\/div>\n\t\t<div class=\"elementor-element elementor-element-74809e7 e-flex e-con-boxed e-con e-parent\" data-id=\"74809e7\" data-element_type=\"container\" data-e-type=\"container\">\n\t\t\t\t\t<div class=\"e-con-inner\">\n\t\t\t\t<div class=\"elementor-element elementor-element-c2a2643 elementor-widget-divider--view-line elementor-widget elementor-widget-divider\" data-id=\"c2a2643\" data-element_type=\"widget\" data-e-type=\"widget\" data-widget_type=\"divider.default\">\n\t\t\t\t<div class=\"elementor-widget-container\">\n\t\t\t\t\t\t\t<div class=\"elementor-divider\">\n\t\t\t<span class=\"elementor-divider-separator\">\n\t\t\t\t\t\t<\/span>\n\t\t<\/div>\n\t\t\t\t\t\t<\/div>\n\t\t\t\t<\/div>\n\t\t\t\t\t<\/div>\n\t\t\t\t<\/div>\n\t\t<div class=\"elementor-element elementor-element-0b2b034 e-grid e-con-boxed e-con e-parent\" data-id=\"0b2b034\" data-element_type=\"container\" data-e-type=\"container\">\n\t\t\t\t\t<div class=\"e-con-inner\">\n\t\t\t\t<div class=\"elementor-element elementor-element-7062432 elementor-widget elementor-widget-image\" data-id=\"7062432\" data-element_type=\"widget\" data-e-type=\"widget\" data-widget_type=\"image.default\">\n\t\t\t\t<div class=\"elementor-widget-container\">\n\t\t\t\t\t\t\t\t\t\t\t\t\t\t\t\t<a href=\"http:\/\/www.archbud.com\/wp-content\/uploads\/2025\/07\/parter-2-scaled.jpg\" data-elementor-open-lightbox=\"yes\" data-elementor-lightbox-title=\"Model\" data-e-action-hash=\"#elementor-action%3Aaction%3Dlightbox%26settings%3DeyJpZCI6MTAxOCwidXJsIjoiaHR0cHM6XC9cL3d3dy5hcmNoYnVkLmNvbVwvd3AtY29udGVudFwvdXBsb2Fkc1wvMjAyNVwvMDdcL3BhcnRlci0yLXNjYWxlZC5qcGcifQ%3D%3D\">\n\t\t\t\t\t\t\t<img fetchpriority=\"high\" decoding=\"async\" width=\"2560\" height=\"1810\" src=\"https:\/\/www.archbud.com\/wp-content\/uploads\/2025\/07\/parter-2-scaled.jpg\" class=\"attachment-full size-full wp-image-1018\" alt=\"\" srcset=\"https:\/\/www.archbud.com\/wp-content\/uploads\/2025\/07\/parter-2-scaled.jpg 2560w, https:\/\/www.archbud.com\/wp-content\/uploads\/2025\/07\/parter-2-300x212.jpg 300w, https:\/\/www.archbud.com\/wp-content\/uploads\/2025\/07\/parter-2-1024x724.jpg 1024w, https:\/\/www.archbud.com\/wp-content\/uploads\/2025\/07\/parter-2-768x543.jpg 768w, https:\/\/www.archbud.com\/wp-content\/uploads\/2025\/07\/parter-2-1536x1086.jpg 1536w, https:\/\/www.archbud.com\/wp-content\/uploads\/2025\/07\/parter-2-2048x1448.jpg 2048w\" sizes=\"(max-width: 2560px) 100vw, 2560px\" \/>\t\t\t\t\t\t\t\t<\/a>\n\t\t\t\t\t\t\t\t\t\t\t\t\t\t\t<\/div>\n\t\t\t\t<\/div>\n\t\t\t\t<div class=\"elementor-element elementor-element-88929a7 elementor-widget__width-auto elementor-widget-tablet__width-auto elementor-widget-mobile__width-auto elementor-widget elementor-widget-text-editor\" data-id=\"88929a7\" data-element_type=\"widget\" data-e-type=\"widget\" data-widget_type=\"text-editor.default\">\n\t\t\t\t<div class=\"elementor-widget-container\">\n\t\t\t\t\t\t\t\t\t<table style=\"height: 511px;\" width=\"306\"><tbody><tr><td width=\"64\">0\/1<\/td><td width=\"246\">WIATRO\u0141AP<\/td><td width=\"54\">4,46<\/td><\/tr><tr><td>0\/2<\/td><td>SPI\u017bARNIA<\/td><td>2,73<\/td><\/tr><tr><td>0\/3<\/td><td>KUCHNIA<\/td><td>7,54<\/td><\/tr><tr><td>0\/4<\/td><td>SALON Z JADALNI\u0104\u00a0<\/td><td>25,27<\/td><\/tr><tr><td>0\/5<\/td><td>SYPIALNIA<\/td><td>9,60<\/td><\/tr><tr><td>0\/6<\/td><td>WC<\/td><td>2,75<\/td><\/tr><tr><td>0\/7<\/td><td>SYPIALNIA<\/td><td>7,73<\/td><\/tr><tr><td>0\/8<\/td><td>SYPIALNIA<\/td><td>12,24<\/td><\/tr><tr><td>0\/9<\/td><td>SYPIALNIA<\/td><td>11,40<\/td><\/tr><tr><td>0\/10<\/td><td>\u0141AZIENKA<\/td><td>5,01<\/td><\/tr><tr><td>0\/11<\/td><td>MASZYNOWNIA<\/td><td>5,21<\/td><\/tr><tr><td>0\/12<\/td><td>KOMUNIKACJA<\/td><td>9,24<\/td><\/tr><tr><td style=\"text-align: right;\" colspan=\"2\">\u2211<\/td><td>103,18<\/td><\/tr><\/tbody><\/table>\t\t\t\t\t\t\t\t<\/div>\n\t\t\t\t<\/div>\n\t\t\t\t\t<\/div>\n\t\t\t\t<\/div>\n\t\t<div class=\"elementor-element elementor-element-ffedb03 e-flex e-con-boxed e-con e-parent\" data-id=\"ffedb03\" data-element_type=\"container\" data-e-type=\"container\">\n\t\t\t\t\t<div class=\"e-con-inner\">\n\t\t\t\t<div class=\"elementor-element elementor-element-1977197 elementor-widget-divider--view-line elementor-widget elementor-widget-divider\" data-id=\"1977197\" data-element_type=\"widget\" data-e-type=\"widget\" data-widget_type=\"divider.default\">\n\t\t\t\t<div class=\"elementor-widget-container\">\n\t\t\t\t\t\t\t<div class=\"elementor-divider\">\n\t\t\t<span class=\"elementor-divider-separator\">\n\t\t\t\t\t\t<\/span>\n\t\t<\/div>\n\t\t\t\t\t\t<\/div>\n\t\t\t\t<\/div>\n\t\t\t\t\t<\/div>\n\t\t\t\t<\/div>\n\t\t<div class=\"elementor-element elementor-element-3d89860 e-grid e-con-boxed e-con e-parent\" data-id=\"3d89860\" data-element_type=\"container\" data-e-type=\"container\">\n\t\t\t\t\t<div class=\"e-con-inner\">\n\t\t\t\t<div class=\"elementor-element elementor-element-8c6c558 elementor-widget elementor-widget-image\" data-id=\"8c6c558\" data-element_type=\"widget\" data-e-type=\"widget\" data-widget_type=\"image.default\">\n\t\t\t\t<div class=\"elementor-widget-container\">\n\t\t\t\t\t\t\t\t\t\t\t\t\t\t\t\t<a href=\"http:\/\/www.archbud.com\/wp-content\/uploads\/2025\/07\/przekroje-scaled.jpg\" data-elementor-open-lightbox=\"yes\" data-elementor-lightbox-title=\"Model\" data-e-action-hash=\"#elementor-action%3Aaction%3Dlightbox%26settings%3DeyJpZCI6MTAxOSwidXJsIjoiaHR0cHM6XC9cL3d3dy5hcmNoYnVkLmNvbVwvd3AtY29udGVudFwvdXBsb2Fkc1wvMjAyNVwvMDdcL3ByemVrcm9qZS1zY2FsZWQuanBnIn0%3D\">\n\t\t\t\t\t\t\t<img decoding=\"async\" width=\"2560\" height=\"1810\" src=\"https:\/\/www.archbud.com\/wp-content\/uploads\/2025\/07\/przekroje-scaled.jpg\" class=\"attachment-full size-full wp-image-1019\" alt=\"\" srcset=\"https:\/\/www.archbud.com\/wp-content\/uploads\/2025\/07\/przekroje-scaled.jpg 2560w, https:\/\/www.archbud.com\/wp-content\/uploads\/2025\/07\/przekroje-300x212.jpg 300w, https:\/\/www.archbud.com\/wp-content\/uploads\/2025\/07\/przekroje-1024x724.jpg 1024w, https:\/\/www.archbud.com\/wp-content\/uploads\/2025\/07\/przekroje-768x543.jpg 768w, https:\/\/www.archbud.com\/wp-content\/uploads\/2025\/07\/przekroje-1536x1086.jpg 1536w, https:\/\/www.archbud.com\/wp-content\/uploads\/2025\/07\/przekroje-2048x1448.jpg 2048w\" sizes=\"(max-width: 2560px) 100vw, 2560px\" \/>\t\t\t\t\t\t\t\t<\/a>\n\t\t\t\t\t\t\t\t\t\t\t\t\t\t\t<\/div>\n\t\t\t\t<\/div>\n\t\t\t\t\t<\/div>\n\t\t\t\t<\/div>\n\t\t<div class=\"elementor-element elementor-element-32b38fe e-flex e-con-boxed e-con e-parent\" data-id=\"32b38fe\" data-element_type=\"container\" data-e-type=\"container\">\n\t\t\t\t\t<div class=\"e-con-inner\">\n\t\t\t\t<div class=\"elementor-element elementor-element-97b0ce0 elementor-widget__width-initial elementor-widget-tablet__width-initial elementor-widget-mobile__width-initial elementor-widget elementor-widget-text-editor\" data-id=\"97b0ce0\" data-element_type=\"widget\" data-e-type=\"widget\" data-widget_type=\"text-editor.default\">\n\t\t\t\t<div class=\"elementor-widget-container\">\n\t\t\t\t\t\t\t\t\t<table style=\"height: 588px;\" width=\"333\">\n<tbody>\n<tr>\n<td width=\"305\">\n<p>Powierzchnia netto budynku<\/p>\n<\/td>\n<td width=\"103\">\n<p>103,18 m<sup>2<\/sup><\/p>\n<\/td>\n<\/tr>\n<tr>\n<td width=\"305\">\n<p>Powierzchnia ca\u0142kowita budynku<\/p>\n<\/td>\n<td width=\"103\">\n<p>127,39 m<sup>2<\/sup><\/p>\n<\/td>\n<\/tr>\n<tr>\n<td width=\"305\">\n<p>Kubatura budynku<\/p>\n<\/td>\n<td width=\"103\">\n<p>657,80 m<sup>3<\/sup><\/p>\n<\/td>\n<\/tr>\n<tr>\n<td width=\"305\">\n<p>Ilo\u015b\u0107 kondygnacji budynku<\/p>\n<\/td>\n<td width=\"103\">\n<p>1<\/p>\n<\/td>\n<\/tr>\n<tr>\n<td width=\"305\">\n<p>Wysoko\u015b\u0107 zabudowy budynku<\/p>\n<\/td>\n<td width=\"103\">\n<p>6,41m&nbsp;<\/p>\n<\/td>\n<\/tr>\n<tr>\n<td width=\"305\">\n<p>D\u0142ugo\u015b\u0107 x szeroko\u015b\u0107 budynku<\/p>\n<\/td>\n<td width=\"103\">\n<p>14,30m x 9,1m<\/p>\n<\/td>\n<\/tr>\n<tr>\n<td width=\"305\">\n<p>Kategoria obiektu<\/p>\n<\/td>\n<td width=\"103\">\n<p>I<\/p>\n<\/td>\n<\/tr>\n<tr>\n<td width=\"305\">\n<p>K\u0105t nachylenia dachu<\/p>\n<\/td>\n<td width=\"103\">\n<p>30\u00b0<\/p>\n<\/td>\n<\/tr>\n<\/tbody>\n<\/table>\t\t\t\t\t\t\t\t<\/div>\n\t\t\t\t<\/div>\n\t\t\t\t\t<\/div>\n\t\t\t\t<\/div>\n\t\t\t\t<\/div>\n\t\t","protected":false},"excerpt":{"rendered":"<p>PROJEKT XII6000z\u0142 0\/1 WIATRO\u0141AP 4,46 0\/2 SPI\u017bARNIA 2,73 0\/3 KUCHNIA 7,54 0\/4 SALON Z JADALNI\u0104\u00a0 25,27 0\/5 SYPIALNIA 9,60 0\/6 WC 2,75 0\/7 SYPIALNIA 7,73 0\/8 SYPIALNIA 12,24 0\/9 SYPIALNIA 11,40 0\/10 \u0141AZIENKA 5,01 0\/11 MASZYNOWNIA 5,21 0\/12 KOMUNIKACJA 9,24 \u2211 103,18 Powierzchnia netto budynku 103,18 m2 Powierzchnia ca\u0142kowita budynku 127,39 m2 Kubatura budynku 657,80 [&hellip;]<\/p>\n","protected":false},"author":1,"featured_media":106,"parent":23,"menu_order":0,"comment_status":"closed","ping_status":"closed","template":"","meta":{"_eb_attr":"","footnotes":""},"class_list":["post-1009","page","type-page","status-publish","has-post-thumbnail","hentry"],"yoast_head":"<!-- This site is optimized with the Yoast SEO plugin v27.4 - https:\/\/yoast.com\/product\/yoast-seo-wordpress\/ -->\n<title>Projekt XII - Grupa Arch-Bud<\/title>\n<meta name=\"robots\" content=\"index, follow, max-snippet:-1, max-image-preview:large, max-video-preview:-1\" \/>\n<link rel=\"canonical\" href=\"https:\/\/www.archbud.com\/?page_id=1009\" \/>\n<meta property=\"og:locale\" content=\"pl_PL\" \/>\n<meta property=\"og:type\" content=\"article\" \/>\n<meta property=\"og:title\" content=\"Projekt XII - Grupa Arch-Bud\" \/>\n<meta property=\"og:description\" content=\"PROJEKT XII6000z\u0142 0\/1 WIATRO\u0141AP 4,46 0\/2 SPI\u017bARNIA 2,73 0\/3 KUCHNIA 7,54 0\/4 SALON Z JADALNI\u0104\u00a0 25,27 0\/5 SYPIALNIA 9,60 0\/6 WC 2,75 0\/7 SYPIALNIA 7,73 0\/8 SYPIALNIA 12,24 0\/9 SYPIALNIA 11,40 0\/10 \u0141AZIENKA 5,01 0\/11 MASZYNOWNIA 5,21 0\/12 KOMUNIKACJA 9,24 \u2211 103,18 Powierzchnia netto budynku 103,18 m2 Powierzchnia ca\u0142kowita budynku 127,39 m2 Kubatura budynku 657,80 [&hellip;]\" \/>\n<meta property=\"og:url\" content=\"https:\/\/www.archbud.com\/?page_id=1009\" \/>\n<meta property=\"og:site_name\" content=\"Grupa Arch-Bud\" \/>\n<meta property=\"article:modified_time\" content=\"2025-07-11T13:38:18+00:00\" \/>\n<meta property=\"og:image\" content=\"https:\/\/www.archbud.com\/wp-content\/uploads\/2024\/10\/wizka-1-1024x576.jpg\" \/>\n\t<meta property=\"og:image:width\" content=\"1024\" \/>\n\t<meta property=\"og:image:height\" content=\"576\" \/>\n\t<meta property=\"og:image:type\" content=\"image\/jpeg\" \/>\n<meta name=\"twitter:card\" content=\"summary_large_image\" \/>\n<meta name=\"twitter:label1\" content=\"Szacowany czas czytania\" \/>\n\t<meta name=\"twitter:data1\" content=\"3 minuty\" \/>\n<script type=\"application\/ld+json\" class=\"yoast-schema-graph\">{\"@context\":\"https:\\\/\\\/schema.org\",\"@graph\":[{\"@type\":\"WebPage\",\"@id\":\"https:\\\/\\\/www.archbud.com\\\/?page_id=1009\",\"url\":\"https:\\\/\\\/www.archbud.com\\\/?page_id=1009\",\"name\":\"Projekt XII - Grupa Arch-Bud\",\"isPartOf\":{\"@id\":\"http:\\\/\\\/www.archbud.com\\\/#website\"},\"primaryImageOfPage\":{\"@id\":\"https:\\\/\\\/www.archbud.com\\\/?page_id=1009#primaryimage\"},\"image\":{\"@id\":\"https:\\\/\\\/www.archbud.com\\\/?page_id=1009#primaryimage\"},\"thumbnailUrl\":\"https:\\\/\\\/www.archbud.com\\\/wp-content\\\/uploads\\\/2024\\\/10\\\/wizka-1.jpg\",\"datePublished\":\"2025-07-11T13:21:49+00:00\",\"dateModified\":\"2025-07-11T13:38:18+00:00\",\"breadcrumb\":{\"@id\":\"https:\\\/\\\/www.archbud.com\\\/?page_id=1009#breadcrumb\"},\"inLanguage\":\"pl-PL\",\"potentialAction\":[{\"@type\":\"ReadAction\",\"target\":[\"https:\\\/\\\/www.archbud.com\\\/?page_id=1009\"]}]},{\"@type\":\"ImageObject\",\"inLanguage\":\"pl-PL\",\"@id\":\"https:\\\/\\\/www.archbud.com\\\/?page_id=1009#primaryimage\",\"url\":\"https:\\\/\\\/www.archbud.com\\\/wp-content\\\/uploads\\\/2024\\\/10\\\/wizka-1.jpg\",\"contentUrl\":\"https:\\\/\\\/www.archbud.com\\\/wp-content\\\/uploads\\\/2024\\\/10\\\/wizka-1.jpg\",\"width\":1920,\"height\":1080},{\"@type\":\"BreadcrumbList\",\"@id\":\"https:\\\/\\\/www.archbud.com\\\/?page_id=1009#breadcrumb\",\"itemListElement\":[{\"@type\":\"ListItem\",\"position\":1,\"name\":\"Home\",\"item\":\"http:\\\/\\\/www.archbud.com\\\/\"},{\"@type\":\"ListItem\",\"position\":2,\"name\":\"Home\",\"item\":\"http:\\\/\\\/www.archbud.com\\\/\"},{\"@type\":\"ListItem\",\"position\":3,\"name\":\"PROJEKTY\",\"item\":\"http:\\\/\\\/www.archbud.com\\\/?page_id=23\"},{\"@type\":\"ListItem\",\"position\":4,\"name\":\"Projekt XII\"}]},{\"@type\":\"WebSite\",\"@id\":\"http:\\\/\\\/www.archbud.com\\\/#website\",\"url\":\"http:\\\/\\\/www.archbud.com\\\/\",\"name\":\"Grupa Arch-Bud\",\"description\":\"Od projektu pod klucz\",\"potentialAction\":[{\"@type\":\"SearchAction\",\"target\":{\"@type\":\"EntryPoint\",\"urlTemplate\":\"http:\\\/\\\/www.archbud.com\\\/?s={search_term_string}\"},\"query-input\":{\"@type\":\"PropertyValueSpecification\",\"valueRequired\":true,\"valueName\":\"search_term_string\"}}],\"inLanguage\":\"pl-PL\"}]}<\/script>\n<!-- \/ Yoast SEO plugin. -->","yoast_head_json":{"title":"Projekt XII - Grupa Arch-Bud","robots":{"index":"index","follow":"follow","max-snippet":"max-snippet:-1","max-image-preview":"max-image-preview:large","max-video-preview":"max-video-preview:-1"},"canonical":"https:\/\/www.archbud.com\/?page_id=1009","og_locale":"pl_PL","og_type":"article","og_title":"Projekt XII - Grupa Arch-Bud","og_description":"PROJEKT XII6000z\u0142 0\/1 WIATRO\u0141AP 4,46 0\/2 SPI\u017bARNIA 2,73 0\/3 KUCHNIA 7,54 0\/4 SALON Z JADALNI\u0104\u00a0 25,27 0\/5 SYPIALNIA 9,60 0\/6 WC 2,75 0\/7 SYPIALNIA 7,73 0\/8 SYPIALNIA 12,24 0\/9 SYPIALNIA 11,40 0\/10 \u0141AZIENKA 5,01 0\/11 MASZYNOWNIA 5,21 0\/12 KOMUNIKACJA 9,24 \u2211 103,18 Powierzchnia netto budynku 103,18 m2 Powierzchnia ca\u0142kowita budynku 127,39 m2 Kubatura budynku 657,80 [&hellip;]","og_url":"https:\/\/www.archbud.com\/?page_id=1009","og_site_name":"Grupa Arch-Bud","article_modified_time":"2025-07-11T13:38:18+00:00","og_image":[{"width":1024,"height":576,"url":"https:\/\/www.archbud.com\/wp-content\/uploads\/2024\/10\/wizka-1-1024x576.jpg","type":"image\/jpeg"}],"twitter_card":"summary_large_image","twitter_misc":{"Szacowany czas czytania":"3 minuty"},"schema":{"@context":"https:\/\/schema.org","@graph":[{"@type":"WebPage","@id":"https:\/\/www.archbud.com\/?page_id=1009","url":"https:\/\/www.archbud.com\/?page_id=1009","name":"Projekt XII - Grupa Arch-Bud","isPartOf":{"@id":"http:\/\/www.archbud.com\/#website"},"primaryImageOfPage":{"@id":"https:\/\/www.archbud.com\/?page_id=1009#primaryimage"},"image":{"@id":"https:\/\/www.archbud.com\/?page_id=1009#primaryimage"},"thumbnailUrl":"https:\/\/www.archbud.com\/wp-content\/uploads\/2024\/10\/wizka-1.jpg","datePublished":"2025-07-11T13:21:49+00:00","dateModified":"2025-07-11T13:38:18+00:00","breadcrumb":{"@id":"https:\/\/www.archbud.com\/?page_id=1009#breadcrumb"},"inLanguage":"pl-PL","potentialAction":[{"@type":"ReadAction","target":["https:\/\/www.archbud.com\/?page_id=1009"]}]},{"@type":"ImageObject","inLanguage":"pl-PL","@id":"https:\/\/www.archbud.com\/?page_id=1009#primaryimage","url":"https:\/\/www.archbud.com\/wp-content\/uploads\/2024\/10\/wizka-1.jpg","contentUrl":"https:\/\/www.archbud.com\/wp-content\/uploads\/2024\/10\/wizka-1.jpg","width":1920,"height":1080},{"@type":"BreadcrumbList","@id":"https:\/\/www.archbud.com\/?page_id=1009#breadcrumb","itemListElement":[{"@type":"ListItem","position":1,"name":"Home","item":"http:\/\/www.archbud.com\/"},{"@type":"ListItem","position":2,"name":"Home","item":"http:\/\/www.archbud.com\/"},{"@type":"ListItem","position":3,"name":"PROJEKTY","item":"http:\/\/www.archbud.com\/?page_id=23"},{"@type":"ListItem","position":4,"name":"Projekt XII"}]},{"@type":"WebSite","@id":"http:\/\/www.archbud.com\/#website","url":"http:\/\/www.archbud.com\/","name":"Grupa Arch-Bud","description":"Od projektu pod klucz","potentialAction":[{"@type":"SearchAction","target":{"@type":"EntryPoint","urlTemplate":"http:\/\/www.archbud.com\/?s={search_term_string}"},"query-input":{"@type":"PropertyValueSpecification","valueRequired":true,"valueName":"search_term_string"}}],"inLanguage":"pl-PL"}]}},"_links":{"self":[{"href":"https:\/\/www.archbud.com\/index.php?rest_route=\/wp\/v2\/pages\/1009","targetHints":{"allow":["GET"]}}],"collection":[{"href":"https:\/\/www.archbud.com\/index.php?rest_route=\/wp\/v2\/pages"}],"about":[{"href":"https:\/\/www.archbud.com\/index.php?rest_route=\/wp\/v2\/types\/page"}],"author":[{"embeddable":true,"href":"https:\/\/www.archbud.com\/index.php?rest_route=\/wp\/v2\/users\/1"}],"replies":[{"embeddable":true,"href":"https:\/\/www.archbud.com\/index.php?rest_route=%2Fwp%2Fv2%2Fcomments&post=1009"}],"version-history":[{"count":10,"href":"https:\/\/www.archbud.com\/index.php?rest_route=\/wp\/v2\/pages\/1009\/revisions"}],"predecessor-version":[{"id":1034,"href":"https:\/\/www.archbud.com\/index.php?rest_route=\/wp\/v2\/pages\/1009\/revisions\/1034"}],"up":[{"embeddable":true,"href":"https:\/\/www.archbud.com\/index.php?rest_route=\/wp\/v2\/pages\/23"}],"wp:featuredmedia":[{"embeddable":true,"href":"https:\/\/www.archbud.com\/index.php?rest_route=\/wp\/v2\/media\/106"}],"wp:attachment":[{"href":"https:\/\/www.archbud.com\/index.php?rest_route=%2Fwp%2Fv2%2Fmedia&parent=1009"}],"curies":[{"name":"wp","href":"https:\/\/api.w.org\/{rel}","templated":true}]}}