{"id":2,"date":"2024-10-01T12:53:36","date_gmt":"2024-10-01T10:53:36","guid":{"rendered":"http:\/\/test.swobodnaprzestrzen.pl\/?page_id=2"},"modified":"2025-02-21T10:18:43","modified_gmt":"2025-02-21T09:18:43","slug":"home-site","status":"publish","type":"page","link":"https:\/\/www.archbud.com\/","title":{"rendered":"Home"},"content":{"rendered":"\t\t<div data-elementor-type=\"wp-page\" data-elementor-id=\"2\" class=\"elementor elementor-2\">\n\t\t\t\t<div class=\"elementor-element elementor-element-9dee436 e-con-full e-flex e-con e-parent\" data-id=\"9dee436\" data-element_type=\"container\" data-e-type=\"container\">\n\t\t\t\t<div class=\"elementor-element elementor-element-9732072 elementor-widget-divider--view-line elementor-widget elementor-widget-divider\" data-id=\"9732072\" data-element_type=\"widget\" data-e-type=\"widget\" data-widget_type=\"divider.default\">\n\t\t\t\t<div class=\"elementor-widget-container\">\n\t\t\t\t\t\t\t<div class=\"elementor-divider\">\n\t\t\t<span class=\"elementor-divider-separator\">\n\t\t\t\t\t\t<\/span>\n\t\t<\/div>\n\t\t\t\t\t\t<\/div>\n\t\t\t\t<\/div>\n\t\t\t\t<div class=\"elementor-element elementor-element-2029a57 elementor-widget elementor-widget-image\" data-id=\"2029a57\" data-element_type=\"widget\" data-e-type=\"widget\" data-widget_type=\"image.default\">\n\t\t\t\t<div class=\"elementor-widget-container\">\n\t\t\t\t\t\t\t\t\t\t\t\t\t\t\t<img fetchpriority=\"high\" decoding=\"async\" width=\"1920\" height=\"614\" src=\"http:\/\/www.archbud.com\/wp-content\/uploads\/2024\/10\/wizka-2-e1727785088606.jpg\" class=\"attachment-full size-full wp-image-26\" alt=\"\" srcset=\"http:\/\/www.archbud.com\/wp-content\/uploads\/2024\/10\/wizka-2-e1727785088606.jpg 1920w, http:\/\/www.archbud.com\/wp-content\/uploads\/2024\/10\/wizka-2-e1727785088606-300x96.jpg 300w, http:\/\/www.archbud.com\/wp-content\/uploads\/2024\/10\/wizka-2-e1727785088606-1024x327.jpg 1024w, http:\/\/www.archbud.com\/wp-content\/uploads\/2024\/10\/wizka-2-e1727785088606-768x246.jpg 768w, http:\/\/www.archbud.com\/wp-content\/uploads\/2024\/10\/wizka-2-e1727785088606-1536x491.jpg 1536w\" sizes=\"(max-width: 1920px) 100vw, 1920px\" \/>\t\t\t\t\t\t\t\t\t\t\t\t\t\t\t<\/div>\n\t\t\t\t<\/div>\n\t\t\t\t<div class=\"elementor-element elementor-element-1b99b21 elementor-hidden-mobile elementor-widget-divider--view-line elementor-widget elementor-widget-divider\" data-id=\"1b99b21\" data-element_type=\"widget\" data-e-type=\"widget\" data-widget_type=\"divider.default\">\n\t\t\t\t<div class=\"elementor-widget-container\">\n\t\t\t\t\t\t\t<div class=\"elementor-divider\">\n\t\t\t<span class=\"elementor-divider-separator\">\n\t\t\t\t\t\t<\/span>\n\t\t<\/div>\n\t\t\t\t\t\t<\/div>\n\t\t\t\t<\/div>\n\t\t\t\t<\/div>\n\t\t<div class=\"elementor-element elementor-element-7554b37 e-flex e-con-boxed e-con e-parent\" data-id=\"7554b37\" data-element_type=\"container\" data-e-type=\"container\">\n\t\t\t\t\t<div class=\"e-con-inner\">\n\t\t<div class=\"elementor-element elementor-element-797b911 e-con-full e-flex e-con e-child\" data-id=\"797b911\" data-element_type=\"container\" data-e-type=\"container\">\n\t\t\t\t<div class=\"elementor-element elementor-element-7fd60aa elementor-hidden-desktop elementor-hidden-tablet elementor-widget elementor-widget-spacer\" data-id=\"7fd60aa\" data-element_type=\"widget\" data-e-type=\"widget\" data-widget_type=\"spacer.default\">\n\t\t\t\t<div class=\"elementor-widget-container\">\n\t\t\t\t\t\t\t<div class=\"elementor-spacer\">\n\t\t\t<div class=\"elementor-spacer-inner\"><\/div>\n\t\t<\/div>\n\t\t\t\t\t\t<\/div>\n\t\t\t\t<\/div>\n\t\t\t\t<div class=\"elementor-element elementor-element-f799050 elementor-widget__width-initial elementor-widget elementor-widget-text-editor\" data-id=\"f799050\" data-element_type=\"widget\" data-e-type=\"widget\" data-widget_type=\"text-editor.default\">\n\t\t\t\t<div class=\"elementor-widget-container\">\n\t\t\t\t\t\t\t\t\t<p>Oferujemy kompleksow\u0105 realizacj\u0119 projekt\u00f3w budowlanych z wykorzystaniem nowych technologii o wysokich parametrach energooszcz\u0119dnych<\/p><p style=\"text-align: center;\">Realizujemy nowoczesne budynki tanie w eksploatacji.<\/p><blockquote><h3 style=\"text-align: center;\"><em>&#8222;Od projektu po klucz&#8221;<\/em><\/h3><\/blockquote><p style=\"text-align: center;\">\u00a0<\/p>\t\t\t\t\t\t\t\t<\/div>\n\t\t\t\t<\/div>\n\t\t\t\t<\/div>\n\t\t<div class=\"elementor-element elementor-element-a571115 e-con-full e-flex e-con e-child\" data-id=\"a571115\" data-element_type=\"container\" data-e-type=\"container\">\n\t\t\t\t<div class=\"elementor-element elementor-element-b4bf66d elementor-widget elementor-widget-text-editor\" data-id=\"b4bf66d\" data-element_type=\"widget\" data-e-type=\"widget\" data-widget_type=\"text-editor.default\">\n\t\t\t\t<div class=\"elementor-widget-container\">\n\t\t\t\t\t\t\t\t\t<p style=\"text-align: center;\">&nbsp;<b> &nbsp;Oferujemy :<\/b><\/p>\n<hr>\n<p style=\"text-align: center;\"><span style=\"background-color: var(--wp--preset--color--base); font-size: var(--wp--preset--font-size--medium);\">Kompleksowe opracowanie dokumentacji projektowej niezb\u0119dnej do uzyskania pozwolenia na budow\u0105<\/span><\/p>\n<hr>\n<p style=\"text-align: center;\"><span style=\"background-color: var(--wp--preset--color--base); font-size: var(--wp--preset--font-size--medium);\">Projekty indywidualne architektoniczno-budowlane dla budownictwa jedno- i wielorodzinnego oraz us\u0142ugowego<\/span><\/p>\n<hr>\n<p style=\"text-align: center;\"><span style=\"background-color: var(--wp--preset--color--base); font-size: var(--wp--preset--font-size--medium);\">Adaptacja projekt\u00f3w typowych<\/span><\/p>\n<p style=\"text-align: center;\"><span style=\"background-color: var(--wp--preset--color--base); font-size: var(--wp--preset--font-size--medium);\">Inwentaryzacje, ekspertyzy i opinie budowlane<\/span><\/p>\n<hr>\n<p style=\"text-align: center;\"><span style=\"background-color: var(--wp--preset--color--base); font-size: var(--wp--preset--font-size--medium);\">Nadz\u00f3r autorski oraz inwestycyjny<\/span><\/p>\n<hr>\n<p style=\"text-align: center;\"><span style=\"background-color: var(--wp--preset--color--base); font-size: var(--wp--preset--font-size--medium);\">Doradztwo w zakresie rozwi\u0105za\u0144 projektowych<\/span><\/p>\n<hr>\n<p style=\"text-align: center;\"><span style=\"background-color: var(--wp--preset--color--base); font-size: var(--wp--preset--font-size--medium);\">Sprzeda\u017c gotowych obiekt\u00f3w budowlanych<\/span><\/p>\n<hr>\n<p style=\"text-align: center;\"><span style=\"background-color: var(--wp--preset--color--base); font-size: var(--wp--preset--font-size--medium);\">Us\u0142ugi wykonawcze we wszystkich bran\u017cach<\/span><\/p>\n<hr>\n<p style=\"text-align: center;\"><span style=\"background-color: var(--wp--preset--color--base); font-size: var(--wp--preset--font-size--medium);\">Inwestorstwo zast\u0119pcze&nbsp;<\/span><\/p>\t\t\t\t\t\t\t\t<\/div>\n\t\t\t\t<\/div>\n\t\t\t\t<\/div>\n\t\t\t\t\t<\/div>\n\t\t\t\t<\/div>\n\t\t\t\t<\/div>\n\t\t","protected":false},"excerpt":{"rendered":"<p>Oferujemy kompleksow\u0105 realizacj\u0119 projekt\u00f3w budowlanych z wykorzystaniem nowych technologii o wysokich parametrach energooszcz\u0119dnych Realizujemy nowoczesne budynki tanie w eksploatacji. &#8222;Od projektu po klucz&#8221; \u00a0 &nbsp; &nbsp;Oferujemy : Kompleksowe opracowanie dokumentacji projektowej niezb\u0119dnej do uzyskania pozwolenia na budow\u0105 Projekty indywidualne architektoniczno-budowlane dla budownictwa jedno- i wielorodzinnego oraz us\u0142ugowego Adaptacja projekt\u00f3w typowych Inwentaryzacje, ekspertyzy i opinie budowlane [&hellip;]<\/p>\n","protected":false},"author":1,"featured_media":0,"parent":0,"menu_order":0,"comment_status":"closed","ping_status":"closed","template":"","meta":{"_eb_attr":"","footnotes":""},"class_list":["post-2","page","type-page","status-publish","hentry"],"yoast_head":"<!-- This site is optimized with the Yoast SEO plugin v27.4 - https:\/\/yoast.com\/product\/yoast-seo-wordpress\/ -->\n<title>Home - Grupa Arch-Bud<\/title>\n<meta name=\"robots\" content=\"index, follow, max-snippet:-1, max-image-preview:large, max-video-preview:-1\" \/>\n<link rel=\"canonical\" href=\"http:\/\/www.archbud.com\/\" \/>\n<meta property=\"og:locale\" content=\"pl_PL\" \/>\n<meta property=\"og:type\" content=\"article\" \/>\n<meta property=\"og:title\" content=\"Home - Grupa Arch-Bud\" \/>\n<meta property=\"og:description\" content=\"Oferujemy kompleksow\u0105 realizacj\u0119 projekt\u00f3w budowlanych z wykorzystaniem nowych technologii o wysokich parametrach energooszcz\u0119dnych Realizujemy nowoczesne budynki tanie w eksploatacji. &#8222;Od projektu po klucz&#8221; \u00a0 &nbsp; &nbsp;Oferujemy : Kompleksowe opracowanie dokumentacji projektowej niezb\u0119dnej do uzyskania pozwolenia na budow\u0105 Projekty indywidualne architektoniczno-budowlane dla budownictwa jedno- i wielorodzinnego oraz us\u0142ugowego Adaptacja projekt\u00f3w typowych Inwentaryzacje, ekspertyzy i opinie budowlane [&hellip;]\" \/>\n<meta property=\"og:url\" content=\"http:\/\/www.archbud.com\/\" \/>\n<meta property=\"og:site_name\" content=\"Grupa Arch-Bud\" \/>\n<meta property=\"article:modified_time\" content=\"2025-02-21T09:18:43+00:00\" \/>\n<meta property=\"og:image\" content=\"http:\/\/www.archbud.com\/wp-content\/uploads\/2024\/10\/wizka-2-e1727785088606.jpg\" \/>\n<meta name=\"twitter:card\" content=\"summary_large_image\" \/>\n<meta name=\"twitter:label1\" content=\"Szacowany czas czytania\" \/>\n\t<meta name=\"twitter:data1\" content=\"1 minuta\" \/>\n<script type=\"application\/ld+json\" class=\"yoast-schema-graph\">{\"@context\":\"https:\\\/\\\/schema.org\",\"@graph\":[{\"@type\":\"WebPage\",\"@id\":\"http:\\\/\\\/www.archbud.com\\\/\",\"url\":\"http:\\\/\\\/www.archbud.com\\\/\",\"name\":\"Home - Grupa Arch-Bud\",\"isPartOf\":{\"@id\":\"http:\\\/\\\/www.archbud.com\\\/#website\"},\"primaryImageOfPage\":{\"@id\":\"http:\\\/\\\/www.archbud.com\\\/#primaryimage\"},\"image\":{\"@id\":\"http:\\\/\\\/www.archbud.com\\\/#primaryimage\"},\"thumbnailUrl\":\"http:\\\/\\\/www.archbud.com\\\/wp-content\\\/uploads\\\/2024\\\/10\\\/wizka-2-e1727785088606.jpg\",\"datePublished\":\"2024-10-01T10:53:36+00:00\",\"dateModified\":\"2025-02-21T09:18:43+00:00\",\"breadcrumb\":{\"@id\":\"http:\\\/\\\/www.archbud.com\\\/#breadcrumb\"},\"inLanguage\":\"pl-PL\",\"potentialAction\":[{\"@type\":\"ReadAction\",\"target\":[\"http:\\\/\\\/www.archbud.com\\\/\"]}]},{\"@type\":\"ImageObject\",\"inLanguage\":\"pl-PL\",\"@id\":\"http:\\\/\\\/www.archbud.com\\\/#primaryimage\",\"url\":\"https:\\\/\\\/www.archbud.com\\\/wp-content\\\/uploads\\\/2024\\\/10\\\/wizka-2-e1727785088606.jpg\",\"contentUrl\":\"https:\\\/\\\/www.archbud.com\\\/wp-content\\\/uploads\\\/2024\\\/10\\\/wizka-2-e1727785088606.jpg\",\"width\":1920,\"height\":614},{\"@type\":\"BreadcrumbList\",\"@id\":\"http:\\\/\\\/www.archbud.com\\\/#breadcrumb\",\"itemListElement\":[{\"@type\":\"ListItem\",\"position\":1,\"name\":\"Home\",\"item\":\"http:\\\/\\\/www.archbud.com\\\/\"},{\"@type\":\"ListItem\",\"position\":2,\"name\":\"Home\"}]},{\"@type\":\"WebSite\",\"@id\":\"http:\\\/\\\/www.archbud.com\\\/#website\",\"url\":\"http:\\\/\\\/www.archbud.com\\\/\",\"name\":\"Grupa Arch-Bud\",\"description\":\"Od projektu pod klucz\",\"potentialAction\":[{\"@type\":\"SearchAction\",\"target\":{\"@type\":\"EntryPoint\",\"urlTemplate\":\"http:\\\/\\\/www.archbud.com\\\/?s={search_term_string}\"},\"query-input\":{\"@type\":\"PropertyValueSpecification\",\"valueRequired\":true,\"valueName\":\"search_term_string\"}}],\"inLanguage\":\"pl-PL\"}]}<\/script>\n<!-- \/ Yoast SEO plugin. -->","yoast_head_json":{"title":"Home - Grupa Arch-Bud","robots":{"index":"index","follow":"follow","max-snippet":"max-snippet:-1","max-image-preview":"max-image-preview:large","max-video-preview":"max-video-preview:-1"},"canonical":"http:\/\/www.archbud.com\/","og_locale":"pl_PL","og_type":"article","og_title":"Home - Grupa Arch-Bud","og_description":"Oferujemy kompleksow\u0105 realizacj\u0119 projekt\u00f3w budowlanych z wykorzystaniem nowych technologii o wysokich parametrach energooszcz\u0119dnych Realizujemy nowoczesne budynki tanie w eksploatacji. &#8222;Od projektu po klucz&#8221; \u00a0 &nbsp; &nbsp;Oferujemy : Kompleksowe opracowanie dokumentacji projektowej niezb\u0119dnej do uzyskania pozwolenia na budow\u0105 Projekty indywidualne architektoniczno-budowlane dla budownictwa jedno- i wielorodzinnego oraz us\u0142ugowego Adaptacja projekt\u00f3w typowych Inwentaryzacje, ekspertyzy i opinie budowlane [&hellip;]","og_url":"http:\/\/www.archbud.com\/","og_site_name":"Grupa Arch-Bud","article_modified_time":"2025-02-21T09:18:43+00:00","og_image":[{"url":"http:\/\/www.archbud.com\/wp-content\/uploads\/2024\/10\/wizka-2-e1727785088606.jpg","type":"","width":"","height":""}],"twitter_card":"summary_large_image","twitter_misc":{"Szacowany czas czytania":"1 minuta"},"schema":{"@context":"https:\/\/schema.org","@graph":[{"@type":"WebPage","@id":"http:\/\/www.archbud.com\/","url":"http:\/\/www.archbud.com\/","name":"Home - Grupa Arch-Bud","isPartOf":{"@id":"http:\/\/www.archbud.com\/#website"},"primaryImageOfPage":{"@id":"http:\/\/www.archbud.com\/#primaryimage"},"image":{"@id":"http:\/\/www.archbud.com\/#primaryimage"},"thumbnailUrl":"http:\/\/www.archbud.com\/wp-content\/uploads\/2024\/10\/wizka-2-e1727785088606.jpg","datePublished":"2024-10-01T10:53:36+00:00","dateModified":"2025-02-21T09:18:43+00:00","breadcrumb":{"@id":"http:\/\/www.archbud.com\/#breadcrumb"},"inLanguage":"pl-PL","potentialAction":[{"@type":"ReadAction","target":["http:\/\/www.archbud.com\/"]}]},{"@type":"ImageObject","inLanguage":"pl-PL","@id":"http:\/\/www.archbud.com\/#primaryimage","url":"https:\/\/www.archbud.com\/wp-content\/uploads\/2024\/10\/wizka-2-e1727785088606.jpg","contentUrl":"https:\/\/www.archbud.com\/wp-content\/uploads\/2024\/10\/wizka-2-e1727785088606.jpg","width":1920,"height":614},{"@type":"BreadcrumbList","@id":"http:\/\/www.archbud.com\/#breadcrumb","itemListElement":[{"@type":"ListItem","position":1,"name":"Home","item":"http:\/\/www.archbud.com\/"},{"@type":"ListItem","position":2,"name":"Home"}]},{"@type":"WebSite","@id":"http:\/\/www.archbud.com\/#website","url":"http:\/\/www.archbud.com\/","name":"Grupa Arch-Bud","description":"Od projektu pod klucz","potentialAction":[{"@type":"SearchAction","target":{"@type":"EntryPoint","urlTemplate":"http:\/\/www.archbud.com\/?s={search_term_string}"},"query-input":{"@type":"PropertyValueSpecification","valueRequired":true,"valueName":"search_term_string"}}],"inLanguage":"pl-PL"}]}},"_links":{"self":[{"href":"https:\/\/www.archbud.com\/index.php?rest_route=\/wp\/v2\/pages\/2","targetHints":{"allow":["GET"]}}],"collection":[{"href":"https:\/\/www.archbud.com\/index.php?rest_route=\/wp\/v2\/pages"}],"about":[{"href":"https:\/\/www.archbud.com\/index.php?rest_route=\/wp\/v2\/types\/page"}],"author":[{"embeddable":true,"href":"https:\/\/www.archbud.com\/index.php?rest_route=\/wp\/v2\/users\/1"}],"replies":[{"embeddable":true,"href":"https:\/\/www.archbud.com\/index.php?rest_route=%2Fwp%2Fv2%2Fcomments&post=2"}],"version-history":[{"count":119,"href":"https:\/\/www.archbud.com\/index.php?rest_route=\/wp\/v2\/pages\/2\/revisions"}],"predecessor-version":[{"id":922,"href":"https:\/\/www.archbud.com\/index.php?rest_route=\/wp\/v2\/pages\/2\/revisions\/922"}],"wp:attachment":[{"href":"https:\/\/www.archbud.com\/index.php?rest_route=%2Fwp%2Fv2%2Fmedia&parent=2"}],"curies":[{"name":"wp","href":"https:\/\/api.w.org\/{rel}","templated":true}]}}