{"id":505,"date":"2024-10-11T17:52:26","date_gmt":"2024-10-11T15:52:26","guid":{"rendered":"http:\/\/test.swobodnaprzestrzen.pl\/?page_id=505"},"modified":"2025-02-21T10:20:17","modified_gmt":"2025-02-21T09:20:17","slug":"kup-dom","status":"publish","type":"page","link":"https:\/\/www.archbud.com\/?page_id=505","title":{"rendered":"KUP DOM"},"content":{"rendered":"\t\t<div data-elementor-type=\"wp-page\" data-elementor-id=\"505\" class=\"elementor elementor-505\">\n\t\t\t\t<div class=\"elementor-element elementor-element-19ffdf1 e-flex e-con-boxed e-con e-parent\" data-id=\"19ffdf1\" data-element_type=\"container\" data-e-type=\"container\">\n\t\t\t\t\t<div class=\"e-con-inner\">\n\t\t\t\t<div class=\"elementor-element elementor-element-c1c84dc elementor-widget-divider--view-line elementor-widget elementor-widget-divider\" data-id=\"c1c84dc\" data-element_type=\"widget\" data-e-type=\"widget\" data-widget_type=\"divider.default\">\n\t\t\t\t<div class=\"elementor-widget-container\">\n\t\t\t\t\t\t\t<div class=\"elementor-divider\">\n\t\t\t<span class=\"elementor-divider-separator\">\n\t\t\t\t\t\t<\/span>\n\t\t<\/div>\n\t\t\t\t\t\t<\/div>\n\t\t\t\t<\/div>\n\t\t\t\t<div class=\"elementor-element elementor-element-2b6c0f1 elementor-widget elementor-widget-heading\" data-id=\"2b6c0f1\" data-element_type=\"widget\" data-e-type=\"widget\" data-widget_type=\"heading.default\">\n\t\t\t\t<div class=\"elementor-widget-container\">\n\t\t\t\t\t<h2 class=\"elementor-heading-title elementor-size-default\">Wybierz sw\u00f3j dom<\/h2>\t\t\t\t<\/div>\n\t\t\t\t<\/div>\n\t\t\t\t\t<\/div>\n\t\t\t\t<\/div>\n\t\t<div class=\"elementor-element elementor-element-ace44ad e-flex e-con-boxed e-con e-parent\" data-id=\"ace44ad\" data-element_type=\"container\" data-e-type=\"container\">\n\t\t\t\t\t<div class=\"e-con-inner\">\n\t\t\t\t<div class=\"elementor-element elementor-element-dfd34d9 elementor-widget__width-inherit elementor-absolute elementor-widget elementor-widget-image\" data-id=\"dfd34d9\" data-element_type=\"widget\" data-e-type=\"widget\" data-settings=\"{&quot;_position&quot;:&quot;absolute&quot;}\" data-widget_type=\"image.default\">\n\t\t\t\t<div class=\"elementor-widget-container\">\n\t\t\t\t\t\t\t\t\t\t\t\t\t\t\t<img fetchpriority=\"high\" decoding=\"async\" width=\"866\" height=\"487\" src=\"https:\/\/www.archbud.com\/wp-content\/uploads\/2024\/10\/podklad.png\" class=\"attachment-large size-large wp-image-532\" alt=\"\" srcset=\"https:\/\/www.archbud.com\/wp-content\/uploads\/2024\/10\/podklad.png 866w, https:\/\/www.archbud.com\/wp-content\/uploads\/2024\/10\/podklad-300x169.png 300w, https:\/\/www.archbud.com\/wp-content\/uploads\/2024\/10\/podklad-768x432.png 768w\" sizes=\"(max-width: 866px) 100vw, 866px\" \/>\t\t\t\t\t\t\t\t\t\t\t\t\t\t\t<\/div>\n\t\t\t\t<\/div>\n\t\t\t\t<div class=\"elementor-element elementor-element-f76b2b4 elementor-widget__width-inherit elementor-absolute elementor-widget elementor-widget-image\" data-id=\"f76b2b4\" data-element_type=\"widget\" data-e-type=\"widget\" data-settings=\"{&quot;_position&quot;:&quot;absolute&quot;}\" data-widget_type=\"image.default\">\n\t\t\t\t<div class=\"elementor-widget-container\">\n\t\t\t\t\t\t\t\t\t\t\t\t\t\t\t\t<a href=\"http:\/\/www.archbud.com\/?page_id=546&#038;\">\n\t\t\t\t\t\t\t<img decoding=\"async\" width=\"866\" height=\"487\" src=\"https:\/\/www.archbud.com\/wp-content\/uploads\/2024\/10\/B5-zo.png\" class=\"attachment-large size-large wp-image-514\" alt=\"\" srcset=\"https:\/\/www.archbud.com\/wp-content\/uploads\/2024\/10\/B5-zo.png 866w, https:\/\/www.archbud.com\/wp-content\/uploads\/2024\/10\/B5-zo-300x169.png 300w, https:\/\/www.archbud.com\/wp-content\/uploads\/2024\/10\/B5-zo-768x432.png 768w\" sizes=\"(max-width: 866px) 100vw, 866px\" \/>\t\t\t\t\t\t\t\t<\/a>\n\t\t\t\t\t\t\t\t\t\t\t\t\t\t\t<\/div>\n\t\t\t\t<\/div>\n\t\t\t\t<div class=\"elementor-element elementor-element-d5cccd6 elementor-widget__width-inherit elementor-absolute elementor-widget elementor-widget-image\" data-id=\"d5cccd6\" data-element_type=\"widget\" data-e-type=\"widget\" data-settings=\"{&quot;_position&quot;:&quot;absolute&quot;}\" data-widget_type=\"image.default\">\n\t\t\t\t<div class=\"elementor-widget-container\">\n\t\t\t\t\t\t\t\t\t\t\t\t\t\t\t\t<a href=\"http:\/\/www.archbud.com\/?page_id=581\">\n\t\t\t\t\t\t\t<img decoding=\"async\" width=\"866\" height=\"487\" src=\"https:\/\/www.archbud.com\/wp-content\/uploads\/2024\/10\/B2-zo.png\" class=\"attachment-large size-large wp-image-531\" alt=\"\" srcset=\"https:\/\/www.archbud.com\/wp-content\/uploads\/2024\/10\/B2-zo.png 866w, https:\/\/www.archbud.com\/wp-content\/uploads\/2024\/10\/B2-zo-300x169.png 300w, https:\/\/www.archbud.com\/wp-content\/uploads\/2024\/10\/B2-zo-768x432.png 768w\" sizes=\"(max-width: 866px) 100vw, 866px\" \/>\t\t\t\t\t\t\t\t<\/a>\n\t\t\t\t\t\t\t\t\t\t\t\t\t\t\t<\/div>\n\t\t\t\t<\/div>\n\t\t\t\t\t<\/div>\n\t\t\t\t<\/div>\n\t\t<div class=\"elementor-element elementor-element-ce1da54 e-con-full e-flex e-con e-parent\" data-id=\"ce1da54\" data-element_type=\"container\" data-e-type=\"container\" data-settings=\"{&quot;position&quot;:&quot;absolute&quot;}\">\n\t\t\t\t<div class=\"elementor-element elementor-element-d64fb1a elementor-widget__width-initial elementor-widget-tablet__width-initial elementor-widget-mobile__width-initial elementor-absolute elementor-widget elementor-widget-text-editor\" data-id=\"d64fb1a\" data-element_type=\"widget\" data-e-type=\"widget\" data-settings=\"{&quot;_position&quot;:&quot;absolute&quot;}\" data-widget_type=\"text-editor.default\">\n\t\t\t\t<div class=\"elementor-widget-container\">\n\t\t\t\t\t\t\t\t\t<p style=\"text-align: center;\">W naszej ofercie zosta\u0142y dwa ostatnie domy jednorodzinne zlokalizowane przy ulicy Uroczej w Cisiu.\u00a0<\/p><p style=\"text-align: center;\">Budynki zosta\u0142y wykonane w nowoczesnej technologii,\u00a0 zapewniaj\u0105cej\u00a0 wysokie parametry energooszcz\u0119dne\u00a0 o niskim \u015bladzie w\u0119glowym. Przewidywany roczny koszt utrzymania domu nie powinien przekroczy\u0107 1000z\u0142.<\/p>\t\t\t\t\t\t\t\t<\/div>\n\t\t\t\t<\/div>\n\t\t\t\t<\/div>\n\t\t\t\t<\/div>\n\t\t","protected":false},"excerpt":{"rendered":"<p>Wybierz sw\u00f3j dom W naszej ofercie zosta\u0142y dwa ostatnie domy jednorodzinne zlokalizowane przy ulicy Uroczej w Cisiu.\u00a0 Budynki zosta\u0142y wykonane w nowoczesnej technologii,\u00a0 zapewniaj\u0105cej\u00a0 wysokie parametry energooszcz\u0119dne\u00a0 o niskim \u015bladzie w\u0119glowym. Przewidywany roczny koszt utrzymania domu nie powinien przekroczy\u0107 1000z\u0142.<\/p>\n","protected":false},"author":1,"featured_media":0,"parent":0,"menu_order":0,"comment_status":"closed","ping_status":"closed","template":"","meta":{"_eb_attr":"","footnotes":""},"class_list":["post-505","page","type-page","status-publish","hentry"],"yoast_head":"<!-- This site is optimized with the Yoast SEO plugin v27.4 - https:\/\/yoast.com\/product\/yoast-seo-wordpress\/ -->\n<title>KUP DOM - Grupa Arch-Bud<\/title>\n<meta name=\"robots\" content=\"index, follow, max-snippet:-1, max-image-preview:large, max-video-preview:-1\" \/>\n<link rel=\"canonical\" href=\"https:\/\/www.archbud.com\/?page_id=505\" \/>\n<meta property=\"og:locale\" content=\"pl_PL\" \/>\n<meta property=\"og:type\" content=\"article\" \/>\n<meta property=\"og:title\" content=\"KUP DOM - Grupa Arch-Bud\" \/>\n<meta property=\"og:description\" content=\"Wybierz sw\u00f3j dom W naszej ofercie zosta\u0142y dwa ostatnie domy jednorodzinne zlokalizowane przy ulicy Uroczej w Cisiu.\u00a0 Budynki zosta\u0142y wykonane w nowoczesnej technologii,\u00a0 zapewniaj\u0105cej\u00a0 wysokie parametry energooszcz\u0119dne\u00a0 o niskim \u015bladzie w\u0119glowym. Przewidywany roczny koszt utrzymania domu nie powinien przekroczy\u0107 1000z\u0142.\" \/>\n<meta property=\"og:url\" content=\"https:\/\/www.archbud.com\/?page_id=505\" \/>\n<meta property=\"og:site_name\" content=\"Grupa Arch-Bud\" \/>\n<meta property=\"article:modified_time\" content=\"2025-02-21T09:20:17+00:00\" \/>\n<meta property=\"og:image\" content=\"http:\/\/www.archbud.com\/wp-content\/uploads\/2024\/10\/podklad.png\" \/>\n<meta name=\"twitter:card\" content=\"summary_large_image\" \/>\n<meta name=\"twitter:label1\" content=\"Szacowany czas czytania\" \/>\n\t<meta name=\"twitter:data1\" content=\"1 minuta\" \/>\n<script type=\"application\/ld+json\" class=\"yoast-schema-graph\">{\"@context\":\"https:\\\/\\\/schema.org\",\"@graph\":[{\"@type\":\"WebPage\",\"@id\":\"https:\\\/\\\/www.archbud.com\\\/?page_id=505\",\"url\":\"https:\\\/\\\/www.archbud.com\\\/?page_id=505\",\"name\":\"KUP DOM - Grupa Arch-Bud\",\"isPartOf\":{\"@id\":\"http:\\\/\\\/www.archbud.com\\\/#website\"},\"primaryImageOfPage\":{\"@id\":\"https:\\\/\\\/www.archbud.com\\\/?page_id=505#primaryimage\"},\"image\":{\"@id\":\"https:\\\/\\\/www.archbud.com\\\/?page_id=505#primaryimage\"},\"thumbnailUrl\":\"http:\\\/\\\/www.archbud.com\\\/wp-content\\\/uploads\\\/2024\\\/10\\\/podklad.png\",\"datePublished\":\"2024-10-11T15:52:26+00:00\",\"dateModified\":\"2025-02-21T09:20:17+00:00\",\"breadcrumb\":{\"@id\":\"https:\\\/\\\/www.archbud.com\\\/?page_id=505#breadcrumb\"},\"inLanguage\":\"pl-PL\",\"potentialAction\":[{\"@type\":\"ReadAction\",\"target\":[\"https:\\\/\\\/www.archbud.com\\\/?page_id=505\"]}]},{\"@type\":\"ImageObject\",\"inLanguage\":\"pl-PL\",\"@id\":\"https:\\\/\\\/www.archbud.com\\\/?page_id=505#primaryimage\",\"url\":\"https:\\\/\\\/www.archbud.com\\\/wp-content\\\/uploads\\\/2024\\\/10\\\/podklad.png\",\"contentUrl\":\"https:\\\/\\\/www.archbud.com\\\/wp-content\\\/uploads\\\/2024\\\/10\\\/podklad.png\",\"width\":866,\"height\":487},{\"@type\":\"BreadcrumbList\",\"@id\":\"https:\\\/\\\/www.archbud.com\\\/?page_id=505#breadcrumb\",\"itemListElement\":[{\"@type\":\"ListItem\",\"position\":1,\"name\":\"Home\",\"item\":\"http:\\\/\\\/www.archbud.com\\\/\"},{\"@type\":\"ListItem\",\"position\":2,\"name\":\"KUP DOM\"}]},{\"@type\":\"WebSite\",\"@id\":\"http:\\\/\\\/www.archbud.com\\\/#website\",\"url\":\"http:\\\/\\\/www.archbud.com\\\/\",\"name\":\"Grupa Arch-Bud\",\"description\":\"Od projektu pod klucz\",\"potentialAction\":[{\"@type\":\"SearchAction\",\"target\":{\"@type\":\"EntryPoint\",\"urlTemplate\":\"http:\\\/\\\/www.archbud.com\\\/?s={search_term_string}\"},\"query-input\":{\"@type\":\"PropertyValueSpecification\",\"valueRequired\":true,\"valueName\":\"search_term_string\"}}],\"inLanguage\":\"pl-PL\"}]}<\/script>\n<!-- \/ Yoast SEO plugin. -->","yoast_head_json":{"title":"KUP DOM - Grupa Arch-Bud","robots":{"index":"index","follow":"follow","max-snippet":"max-snippet:-1","max-image-preview":"max-image-preview:large","max-video-preview":"max-video-preview:-1"},"canonical":"https:\/\/www.archbud.com\/?page_id=505","og_locale":"pl_PL","og_type":"article","og_title":"KUP DOM - Grupa Arch-Bud","og_description":"Wybierz sw\u00f3j dom W naszej ofercie zosta\u0142y dwa ostatnie domy jednorodzinne zlokalizowane przy ulicy Uroczej w Cisiu.\u00a0 Budynki zosta\u0142y wykonane w nowoczesnej technologii,\u00a0 zapewniaj\u0105cej\u00a0 wysokie parametry energooszcz\u0119dne\u00a0 o niskim \u015bladzie w\u0119glowym. Przewidywany roczny koszt utrzymania domu nie powinien przekroczy\u0107 1000z\u0142.","og_url":"https:\/\/www.archbud.com\/?page_id=505","og_site_name":"Grupa Arch-Bud","article_modified_time":"2025-02-21T09:20:17+00:00","og_image":[{"url":"http:\/\/www.archbud.com\/wp-content\/uploads\/2024\/10\/podklad.png","type":"","width":"","height":""}],"twitter_card":"summary_large_image","twitter_misc":{"Szacowany czas czytania":"1 minuta"},"schema":{"@context":"https:\/\/schema.org","@graph":[{"@type":"WebPage","@id":"https:\/\/www.archbud.com\/?page_id=505","url":"https:\/\/www.archbud.com\/?page_id=505","name":"KUP DOM - Grupa Arch-Bud","isPartOf":{"@id":"http:\/\/www.archbud.com\/#website"},"primaryImageOfPage":{"@id":"https:\/\/www.archbud.com\/?page_id=505#primaryimage"},"image":{"@id":"https:\/\/www.archbud.com\/?page_id=505#primaryimage"},"thumbnailUrl":"http:\/\/www.archbud.com\/wp-content\/uploads\/2024\/10\/podklad.png","datePublished":"2024-10-11T15:52:26+00:00","dateModified":"2025-02-21T09:20:17+00:00","breadcrumb":{"@id":"https:\/\/www.archbud.com\/?page_id=505#breadcrumb"},"inLanguage":"pl-PL","potentialAction":[{"@type":"ReadAction","target":["https:\/\/www.archbud.com\/?page_id=505"]}]},{"@type":"ImageObject","inLanguage":"pl-PL","@id":"https:\/\/www.archbud.com\/?page_id=505#primaryimage","url":"https:\/\/www.archbud.com\/wp-content\/uploads\/2024\/10\/podklad.png","contentUrl":"https:\/\/www.archbud.com\/wp-content\/uploads\/2024\/10\/podklad.png","width":866,"height":487},{"@type":"BreadcrumbList","@id":"https:\/\/www.archbud.com\/?page_id=505#breadcrumb","itemListElement":[{"@type":"ListItem","position":1,"name":"Home","item":"http:\/\/www.archbud.com\/"},{"@type":"ListItem","position":2,"name":"KUP DOM"}]},{"@type":"WebSite","@id":"http:\/\/www.archbud.com\/#website","url":"http:\/\/www.archbud.com\/","name":"Grupa Arch-Bud","description":"Od projektu pod klucz","potentialAction":[{"@type":"SearchAction","target":{"@type":"EntryPoint","urlTemplate":"http:\/\/www.archbud.com\/?s={search_term_string}"},"query-input":{"@type":"PropertyValueSpecification","valueRequired":true,"valueName":"search_term_string"}}],"inLanguage":"pl-PL"}]}},"_links":{"self":[{"href":"https:\/\/www.archbud.com\/index.php?rest_route=\/wp\/v2\/pages\/505","targetHints":{"allow":["GET"]}}],"collection":[{"href":"https:\/\/www.archbud.com\/index.php?rest_route=\/wp\/v2\/pages"}],"about":[{"href":"https:\/\/www.archbud.com\/index.php?rest_route=\/wp\/v2\/types\/page"}],"author":[{"embeddable":true,"href":"https:\/\/www.archbud.com\/index.php?rest_route=\/wp\/v2\/users\/1"}],"replies":[{"embeddable":true,"href":"https:\/\/www.archbud.com\/index.php?rest_route=%2Fwp%2Fv2%2Fcomments&post=505"}],"version-history":[{"count":100,"href":"https:\/\/www.archbud.com\/index.php?rest_route=\/wp\/v2\/pages\/505\/revisions"}],"predecessor-version":[{"id":931,"href":"https:\/\/www.archbud.com\/index.php?rest_route=\/wp\/v2\/pages\/505\/revisions\/931"}],"wp:attachment":[{"href":"https:\/\/www.archbud.com\/index.php?rest_route=%2Fwp%2Fv2%2Fmedia&parent=505"}],"curies":[{"name":"wp","href":"https:\/\/api.w.org\/{rel}","templated":true}]}}